{"id":18644,"date":"2024-04-09T08:11:33","date_gmt":"2024-04-09T06:11:33","guid":{"rendered":"https:\/\/www.agenziacocal.com\/servizi-per-i-proprietari\/"},"modified":"2024-05-21T09:17:43","modified_gmt":"2024-05-21T07:17:43","slug":"dienstleistungen-fuer-eigentuemer","status":"publish","type":"page","link":"https:\/\/www.agenziacocal.com\/de\/dienstleistungen-fuer-eigentuemer\/","title":{"rendered":"Dienstleistungen f\u00fcr Eigent\u00fcmer"},"content":{"rendered":"\t\t<div data-elementor-type=\"wp-page\" data-elementor-id=\"18644\" class=\"elementor elementor-18644 elementor-10996\">\n\t\t\t\t\t\t<section class=\"elementor-section elementor-top-section elementor-element elementor-element-e1010bf elementor-reverse-mobile padding-top padding-bottom elementor-section-boxed elementor-section-height-default elementor-section-height-default qodef-elementor-content-no qodef-elementor-column-no\" data-id=\"e1010bf\" data-element_type=\"section\">\n\t\t\t\t\t\t<div class=\"elementor-container elementor-column-gap-default\">\n\t\t\t\t\t<div class=\"elementor-column elementor-col-50 elementor-top-column elementor-element elementor-element-cb5dbd7\" data-id=\"cb5dbd7\" data-element_type=\"column\">\n\t\t\t<div class=\"elementor-widget-wrap elementor-element-populated\">\n\t\t\t\t\t\t<div class=\"elementor-element elementor-element-d0ae1aa elementor-widget elementor-widget-hiroshi_core_section_title\" data-id=\"d0ae1aa\" data-element_type=\"widget\" data-widget_type=\"hiroshi_core_section_title.default\">\n\t\t\t\t<div class=\"elementor-widget-container\">\n\t\t\t<div class=\"qodef-shortcode qodef-m  qodef-section-title qodef-alignment--left qodef-title-break--disabled\">\n\t\t<h1 class=\"qodef-m-title\" >\n\t\t\t\t\tSie haben eine Wohnung in Caorle zu vermieten und sind Sie auf der Suche nach einer Hausverwaltung  mit garantierter Rendite? Kontaktieren Sie uns!\t\t\t<\/h1>\n\t<\/div>\n\t\t<\/div>\n\t\t\t\t<\/div>\n\t\t\t\t<div class=\"elementor-element elementor-element-2ea4b00 elementor-widget elementor-widget-html\" data-id=\"2ea4b00\" data-element_type=\"widget\" data-widget_type=\"html.default\">\n\t\t\t\t<div class=\"elementor-widget-container\">\n\t\t\t<style>\/*\n    #qodef-page-content {\n        background: transparent linear-gradient(180deg, #FFFFFF 40%, #0A6AFC 100%) 0% 0% no-repeat padding-box;\n    }\n    @media only screen and (max-width: 768px) {\n        #qodef-page-content {\n        background: transparent linear-gradient(180deg, #FFFFFF 20%, #0A6AFC 100%) 0% 0% no-repeat padding-box;\n        }\n    }*\/\n<\/style>\t\t<\/div>\n\t\t\t\t<\/div>\n\t\t\t\t\t<\/div>\n\t\t<\/div>\n\t\t\t\t<div class=\"elementor-column elementor-col-50 elementor-top-column elementor-element elementor-element-b460522\" data-id=\"b460522\" data-element_type=\"column\">\n\t\t\t<div class=\"elementor-widget-wrap\">\n\t\t\t\t\t\t\t<\/div>\n\t\t<\/div>\n\t\t\t\t\t<\/div>\n\t\t<\/section>\n\t\t\t\t<section class=\"elementor-section elementor-top-section elementor-element elementor-element-6291e51 elementor-reverse-mobile elementor-section-content-middle padding-bottom elementor-section-boxed elementor-section-height-default elementor-section-height-default qodef-elementor-content-no qodef-elementor-column-no\" data-id=\"6291e51\" data-element_type=\"section\">\n\t\t\t\t\t\t<div class=\"elementor-container elementor-column-gap-default\">\n\t\t\t\t\t<div class=\"elementor-column elementor-col-50 elementor-top-column elementor-element elementor-element-e86e9d3\" data-id=\"e86e9d3\" data-element_type=\"column\">\n\t\t\t<div class=\"elementor-widget-wrap elementor-element-populated\">\n\t\t\t\t\t\t<div class=\"elementor-element elementor-element-c8211a1 elementor-widget__width-initial elementor-widget elementor-widget-hiroshi_core_section_title\" data-id=\"c8211a1\" data-element_type=\"widget\" data-widget_type=\"hiroshi_core_section_title.default\">\n\t\t\t\t<div class=\"elementor-widget-container\">\n\t\t\t<div class=\"qodef-shortcode qodef-m  qodef-section-title qodef-alignment--left \">\n\t\t<h4 class=\"qodef-m-title\" >\n\t\t\t\t\tDienstleistungen f\u00fcr Eigent\u00fcmer\t\t\t<\/h4>\n\t\t<p class=\"qodef-m-text\" style=\"margin-top: 15px\">Cocal Agency ist Ihr Partner \nf\u00fcr die Vermietung von Ferienwohnungen und Ferienh\u00e4usern in Caorle. Wir bieten Ihnen einen zuverl\u00e4ssigen und professionellen Service, der sich um alle notwendigen Formalit\u00e4ten k\u00fcmmert, von der Buchung bis hin zur Endreinigung.<\/p>\n<\/div>\n\t\t<\/div>\n\t\t\t\t<\/div>\n\t\t\t\t\t<\/div>\n\t\t<\/div>\n\t\t\t\t<div class=\"elementor-column elementor-col-50 elementor-top-column elementor-element elementor-element-7547b13\" data-id=\"7547b13\" data-element_type=\"column\">\n\t\t\t<div class=\"elementor-widget-wrap elementor-element-populated\">\n\t\t\t\t\t\t<div class=\"elementor-element elementor-element-9627edb elementor-widget elementor-widget-hiroshi_core_single_image\" data-id=\"9627edb\" data-element_type=\"widget\" data-widget_type=\"hiroshi_core_single_image.default\">\n\t\t\t\t<div class=\"elementor-widget-container\">\n\t\t\t<div class=\"qodef-shortcode qodef-m  qodef-single-image qodef-layout--default   \">\n\t\t\t<div class=\"qodef-m-image\">\n\t\t\t\t\t\t\t\t<img fetchpriority=\"high\" decoding=\"async\" width=\"735\" height=\"470\" src=\"https:\/\/www.agenziacocal.com\/wp-content\/uploads\/2024\/04\/SERVIZI_PER_I_PROPRIETARI-1.jpg\" class=\"attachment-full size-full\" alt=\"\" srcset=\"https:\/\/www.agenziacocal.com\/wp-content\/uploads\/2024\/04\/SERVIZI_PER_I_PROPRIETARI-1.jpg 735w, https:\/\/www.agenziacocal.com\/wp-content\/uploads\/2024\/04\/SERVIZI_PER_I_PROPRIETARI-1-300x192.jpg 300w\" sizes=\"(max-width: 735px) 100vw, 735px\" \/>\t\t\t\t\t\t\t<\/div>\n\t<\/div>\n\t\t<\/div>\n\t\t\t\t<\/div>\n\t\t\t\t\t<\/div>\n\t\t<\/div>\n\t\t\t\t\t<\/div>\n\t\t<\/section>\n\t\t\t\t<section class=\"elementor-section elementor-top-section elementor-element elementor-element-f22f450 elementor-section-boxed elementor-section-height-default elementor-section-height-default qodef-elementor-content-no qodef-elementor-column-no\" data-id=\"f22f450\" data-element_type=\"section\">\n\t\t\t\t\t\t<div class=\"elementor-container elementor-column-gap-default\">\n\t\t\t\t\t<div class=\"elementor-column elementor-col-33 elementor-top-column elementor-element elementor-element-c1c902e\" data-id=\"c1c902e\" data-element_type=\"column\">\n\t\t\t<div class=\"elementor-widget-wrap elementor-element-populated\">\n\t\t\t\t\t\t<div class=\"elementor-element elementor-element-8c8a4e1 no-button elementor-widget elementor-widget-hiroshi_core_pricing_table\" data-id=\"8c8a4e1\" data-element_type=\"widget\" data-widget_type=\"hiroshi_core_pricing_table.default\">\n\t\t\t\t<div class=\"elementor-widget-container\">\n\t\t\t<div class=\"qodef-shortcode qodef-m  qodef-pricing-table qodef-layout--standard qodef-status--regular\" >\n\t<div class=\"qodef-m-inner\">\n\t\t<div class=\"qodef-m-image\">\n\t<img decoding=\"async\" width=\"320\" height=\"340\" src=\"https:\/\/www.agenziacocal.com\/wp-content\/uploads\/2024\/04\/servizi-1.png\" class=\"attachment-full size-full\" alt=\"\" srcset=\"https:\/\/www.agenziacocal.com\/wp-content\/uploads\/2024\/04\/servizi-1.png 320w, https:\/\/www.agenziacocal.com\/wp-content\/uploads\/2024\/04\/servizi-1-282x300.png 282w\" sizes=\"(max-width: 320px) 100vw, 320px\" \/><\/div>\n\t\t<div class=\"qodef-m-top\">\n\t\t\t\t<h4 class=\"qodef-m-title\" >Reservierungen und Buchungen<\/h4>\n\t\t\t\t\t<\/div>\n\t\t\t<div class=\"qodef-m-content\"><ul><li><strong>Wir bewerben Ihre Immobilie<\/strong> in Agenturen und auf ausgew\u00e4hlten Kan\u00e4len, online und offline.<\/li><li>Wir garantieren <strong>Ihnen sichere und zuverl\u00e4ssige Buchungen<\/strong>, auch \u00fcber unser spezielles Buchungssystem.<\/li><\/ul><\/div>\n\t\t<div class=\"qodef-m-bottom\">\n\t\t\t\t\t\t\t<div class=\"qodef-m-button clear\">\n\t\t<a class=\"qodef-shortcode qodef-m  qodef-button qodef-layout--outlined  qodef-html--link\" href=\"\" target=\"_self\"  >\t<span class=\"qodef-m-text\"><\/span><\/a>\t<\/div>\n\t\t<\/div>\n\t<\/div>\n<\/div>\n\t\t<\/div>\n\t\t\t\t<\/div>\n\t\t\t\t\t<\/div>\n\t\t<\/div>\n\t\t\t\t<div class=\"elementor-column elementor-col-33 elementor-top-column elementor-element elementor-element-9f59dac\" data-id=\"9f59dac\" data-element_type=\"column\">\n\t\t\t<div class=\"elementor-widget-wrap elementor-element-populated\">\n\t\t\t\t\t\t<div class=\"elementor-element elementor-element-00d55fd no-button elementor-widget elementor-widget-hiroshi_core_pricing_table\" data-id=\"00d55fd\" data-element_type=\"widget\" data-widget_type=\"hiroshi_core_pricing_table.default\">\n\t\t\t\t<div class=\"elementor-widget-container\">\n\t\t\t<div class=\"qodef-shortcode qodef-m  qodef-pricing-table qodef-layout--standard qodef-status--regular\" >\n\t<div class=\"qodef-m-inner\">\n\t\t<div class=\"qodef-m-image\">\n\t<img decoding=\"async\" width=\"320\" height=\"340\" src=\"https:\/\/www.agenziacocal.com\/wp-content\/uploads\/2024\/04\/servizi-2.png\" class=\"attachment-full size-full\" alt=\"\" srcset=\"https:\/\/www.agenziacocal.com\/wp-content\/uploads\/2024\/04\/servizi-2.png 320w, https:\/\/www.agenziacocal.com\/wp-content\/uploads\/2024\/04\/servizi-2-282x300.png 282w\" sizes=\"(max-width: 320px) 100vw, 320px\" \/><\/div>\n\t\t<div class=\"qodef-m-top\">\n\t\t\t\t<h4 class=\"qodef-m-title\" >Reinigungsmanagement<\/h4>\n\t\t\t\t\t<\/div>\n\t\t\t<div class=\"qodef-m-content\"><ul><li>Wir arbeiten mit professionellen Reinigungsfirmen zusammen, die einen qualitativ hochwertigen Service bieten.<\/li><li>Am Ende jeder Mietzeit wird Ihre Wohnung <strong>makellos sauber sein<\/strong> und bereit sein neue G\u00e4ste willkommen zu hei\u00dfen.<\/li><\/ul><\/div>\n\t\t<div class=\"qodef-m-bottom\">\n\t\t\t\t\t\t\t<div class=\"qodef-m-button clear\">\n\t\t<a class=\"qodef-shortcode qodef-m  qodef-button qodef-layout--outlined  qodef-html--link\" href=\"\" target=\"_self\"  >\t<span class=\"qodef-m-text\"><\/span><\/a>\t<\/div>\n\t\t<\/div>\n\t<\/div>\n<\/div>\n\t\t<\/div>\n\t\t\t\t<\/div>\n\t\t\t\t\t<\/div>\n\t\t<\/div>\n\t\t\t\t<div class=\"elementor-column elementor-col-33 elementor-top-column elementor-element elementor-element-205f9c8\" data-id=\"205f9c8\" data-element_type=\"column\">\n\t\t\t<div class=\"elementor-widget-wrap elementor-element-populated\">\n\t\t\t\t\t\t<div class=\"elementor-element elementor-element-adc68e2 no-button elementor-widget elementor-widget-hiroshi_core_pricing_table\" data-id=\"adc68e2\" data-element_type=\"widget\" data-widget_type=\"hiroshi_core_pricing_table.default\">\n\t\t\t\t<div class=\"elementor-widget-container\">\n\t\t\t<div class=\"qodef-shortcode qodef-m  qodef-pricing-table qodef-layout--standard qodef-status--regular\" >\n\t<div class=\"qodef-m-inner\">\n\t\t<div class=\"qodef-m-image\">\n\t<img loading=\"lazy\" decoding=\"async\" width=\"320\" height=\"340\" src=\"https:\/\/www.agenziacocal.com\/wp-content\/uploads\/2024\/04\/servizi-3.png\" class=\"attachment-full size-full\" alt=\"\" srcset=\"https:\/\/www.agenziacocal.com\/wp-content\/uploads\/2024\/04\/servizi-3.png 320w, https:\/\/www.agenziacocal.com\/wp-content\/uploads\/2024\/04\/servizi-3-282x300.png 282w\" sizes=\"(max-width: 320px) 100vw, 320px\" \/><\/div>\n\t\t<div class=\"qodef-m-top\">\n\t\t\t\t<h4 class=\"qodef-m-title\" >Verwaltung und Dokumentation<\/h4>\n\t\t\t\t\t<\/div>\n\t\t\t<div class=\"qodef-m-content\"><ul><li>Wir k\u00fcmmern uns um den <strong>notwendigen Papierkram<\/strong> f\u00fcr die Vermietung Ihrer Immobilie.<\/li><li>Unser Team verwaltet die erforderlichen Unterlagen <strong>schnell und effektiv<\/strong> in \u00dcbereinstimmung mit den geltenden Vorschriften.<\/li><\/ul><\/div>\n\t\t<div class=\"qodef-m-bottom\">\n\t\t\t\t\t\t\t<div class=\"qodef-m-button clear\">\n\t\t<a class=\"qodef-shortcode qodef-m  qodef-button qodef-layout--outlined  qodef-html--link\" href=\"\" target=\"_self\"  >\t<span class=\"qodef-m-text\"><\/span><\/a>\t<\/div>\n\t\t<\/div>\n\t<\/div>\n<\/div>\n\t\t<\/div>\n\t\t\t\t<\/div>\n\t\t\t\t\t<\/div>\n\t\t<\/div>\n\t\t\t\t\t<\/div>\n\t\t<\/section>\n\t\t\t\t<section data-dynamic-background-color=\"#F4F3EF\" class=\"elementor-section elementor-top-section elementor-element elementor-element-7f28686 invert padding-top padding-bottom elementor-section-boxed elementor-section-height-default elementor-section-height-default qodef-elementor-content-no qodef-elementor-column-no\" data-id=\"7f28686\" data-element_type=\"section\" data-settings=\"{&quot;background_background&quot;:&quot;classic&quot;}\">\n\t\t\t\t\t\t<div class=\"elementor-container elementor-column-gap-default\">\n\t\t\t\t\t<div class=\"elementor-column elementor-col-50 elementor-top-column elementor-element elementor-element-7f0974d\" data-id=\"7f0974d\" data-element_type=\"column\">\n\t\t\t<div class=\"elementor-widget-wrap elementor-element-populated\">\n\t\t\t\t\t\t<div class=\"elementor-element elementor-element-cc8ca58 elementor-widget__width-initial elementor-widget elementor-widget-hiroshi_core_section_title\" data-id=\"cc8ca58\" data-element_type=\"widget\" data-widget_type=\"hiroshi_core_section_title.default\">\n\t\t\t\t<div class=\"elementor-widget-container\">\n\t\t\t<div class=\"qodef-shortcode qodef-m  qodef-section-title qodef-alignment--left \">\n\t\t<h6 class=\"qodef-m-title\" style=\"color: #FFFFFF\">\n\t\t\t\t\t&bull; KONTAKTFORMULAR\t\t\t<\/h6>\n\t<\/div>\n\t\t<\/div>\n\t\t\t\t<\/div>\n\t\t\t\t<div class=\"elementor-element elementor-element-b770c1b elementor-widget__width-initial elementor-widget elementor-widget-hiroshi_core_section_title\" data-id=\"b770c1b\" data-element_type=\"widget\" data-widget_type=\"hiroshi_core_section_title.default\">\n\t\t\t\t<div class=\"elementor-widget-container\">\n\t\t\t<div class=\"qodef-shortcode qodef-m  qodef-section-title qodef-alignment--left \">\n\t\t<h2 class=\"qodef-m-title\" style=\"color: #FFFFFF\">\n\t\t\t\t\tEntdecken Sie unseren Management-Service  und Vermietung von Immobilien und Wohnungen mit einer garantierten Rente.\t\t\t<\/h2>\n\t<\/div>\n\t\t<\/div>\n\t\t\t\t<\/div>\n\t\t\t\t\t<\/div>\n\t\t<\/div>\n\t\t\t\t<div class=\"elementor-column elementor-col-50 elementor-top-column elementor-element elementor-element-ad44d2f\" data-id=\"ad44d2f\" data-element_type=\"column\">\n\t\t\t<div class=\"elementor-widget-wrap elementor-element-populated\">\n\t\t\t\t\t\t<div class=\"elementor-element elementor-element-d8eda96 elementor-widget elementor-widget-wp-widget-hiroshi_core_contact_form_7\" data-id=\"d8eda96\" data-element_type=\"widget\" data-widget_type=\"wp-widget-hiroshi_core_contact_form_7.default\">\n\t\t\t\t<div class=\"elementor-widget-container\">\n\t\t\t\t\t\t<div class=\"qodef-contact-form-7\">\n\t\t\t\t\n<div class=\"wpcf7 no-js\" id=\"wpcf7-f19032-o1\" lang=\"it-IT\" dir=\"ltr\">\n<div class=\"screen-reader-response\"><p role=\"status\" aria-live=\"polite\" aria-atomic=\"true\"><\/p> <ul><\/ul><\/div>\n<form action=\"\/de\/wp-json\/wp\/v2\/pages\/18644#wpcf7-f19032-o1\" method=\"post\" class=\"wpcf7-form init wpcf7-acceptance-as-validation\" aria-label=\"Modulo di contatto\" novalidate=\"novalidate\" data-status=\"init\">\n<div style=\"display: none;\">\n<input type=\"hidden\" name=\"_wpcf7\" value=\"19032\" \/>\n<input type=\"hidden\" name=\"_wpcf7_version\" value=\"5.9.4\" \/>\n<input type=\"hidden\" name=\"_wpcf7_locale\" value=\"it_IT\" \/>\n<input type=\"hidden\" name=\"_wpcf7_unit_tag\" value=\"wpcf7-f19032-o1\" \/>\n<input type=\"hidden\" name=\"_wpcf7_container_post\" value=\"0\" \/>\n<input type=\"hidden\" name=\"_wpcf7_posted_data_hash\" value=\"\" \/>\n<input type=\"hidden\" name=\"_wpcf7_recaptcha_response\" value=\"\" \/>\n<\/div>\n<div class=\"qodef-contact-form\">\n\n    <div class=\"qodef-grid qodef-layout--columns qodef-col-num--2\">\n\n        <div class=\"qodef-grid-inner\">\n\n            <div class=\"qodef-grid-item\">\n\n                <span class=\"wpcf7-form-control-wrap\" data-name=\"your-name\"><input size=\"40\" class=\"wpcf7-form-control wpcf7-text wpcf7-validates-as-required\" aria-required=\"true\" aria-invalid=\"false\" placeholder=\"Name\" value=\"\" type=\"text\" name=\"your-name\" \/><\/span>\n\n            <\/div>\n\n            <div class=\"qodef-grid-item\">\n\n                <span class=\"wpcf7-form-control-wrap\" data-name=\"your-email\"><input size=\"40\" class=\"wpcf7-form-control wpcf7-email wpcf7-validates-as-required wpcf7-text wpcf7-validates-as-email\" aria-required=\"true\" aria-invalid=\"false\" placeholder=\"Email\" value=\"\" type=\"email\" name=\"your-email\" \/><\/span>\n\n            <\/div>\n\n        <\/div>\n\n    <\/div>\n\n<span class=\"wpcf7-form-control-wrap\" data-name=\"your-message\"><textarea cols=\"40\" rows=\"5\" class=\"wpcf7-form-control wpcf7-textarea\" aria-invalid=\"false\" placeholder=\"Nachricht\" name=\"your-message\"><\/textarea><\/span>\n\n<span class=\"wpcf7-form-control-wrap\" data-name=\"privacy\"><span class=\"wpcf7-form-control wpcf7-acceptance optional\"><span class=\"wpcf7-list-item\"><label><input type=\"checkbox\" name=\"privacy\" value=\"1\" aria-invalid=\"false\" \/><span class=\"wpcf7-list-item-label\">Ich genehmige die Verarbeitung personenbezogener Daten gem\u00e4\u00df der Verordnung (EU) 2016\/679 des Europ\u00e4ischen Parlaments und des Rates vom 27. April 2016. Die Daten werden ausschlie\u00dflich von Cocal srl verwendet.<\/span><\/label><\/span><\/span><\/span>\n\n<button class=\"wpcf7-form-control wpcf7-submit qodef-button qodef-size--normal qodef-layout--filled qodef-m\" type=\"submit\"><span class=\"qodef-m-text\">Senden<\/span><\/button>\n\n<\/div><div class=\"wpcf7-response-output\" aria-hidden=\"true\"><\/div>\n<\/form>\n<\/div>\n\t\t\t<\/div>\n\t\t\t\t\t<\/div>\n\t\t\t\t<\/div>\n\t\t\t\t\t<\/div>\n\t\t<\/div>\n\t\t\t\t\t<\/div>\n\t\t<\/section>\n\t\t\t\t<\/div>\n\t\t","protected":false},"excerpt":{"rendered":"<p>Sie haben eine Wohnung in Caorle zu vermieten und sind Sie auf der Suche nach einer Hausverwaltung mit garantierter Rendite? Kontaktieren Sie uns! Dienstleistungen f\u00fcr Eigent\u00fcmer Cocal Agency ist Ihr Partner f\u00fcr die Vermietung von Ferienwohnungen und Ferienh\u00e4usern in Caorle. Wir bieten Ihnen einen zuverl\u00e4ssigen und professionellen Service, der sich um alle notwendigen Formalit\u00e4ten k\u00fcmmert, [&hellip;]<\/p>\n","protected":false},"author":1,"featured_media":0,"parent":0,"menu_order":0,"comment_status":"closed","ping_status":"closed","template":"page-full-width.php","meta":{"footnotes":""},"acf":[],"yoast_head":"<!-- This site is optimized with the Yoast SEO plugin v22.4 - https:\/\/yoast.com\/wordpress\/plugins\/seo\/ -->\n<title>Ferienwohnungen und Ferienh\u00e4user in Caorle vermieten | Agenzia Cocal<\/title>\n<meta name=\"description\" content=\"Agenzia Cocal vermietet eine gro\u00dfe Auswahl an Ferienwohnungen und Ferienh\u00e4usern in Caorle: Entdecken Sie unsere Dienstleistungen.\" \/>\n<meta name=\"robots\" content=\"index, follow, max-snippet:-1, max-image-preview:large, max-video-preview:-1\" \/>\n<link rel=\"canonical\" href=\"https:\/\/www.agenziacocal.com\/de\/dienstleistungen-fuer-eigentuemer\/\" \/>\n<meta property=\"og:locale\" content=\"de_DE\" \/>\n<meta property=\"og:type\" content=\"article\" \/>\n<meta property=\"og:title\" content=\"Ferienwohnungen und Ferienh\u00e4user in Caorle vermieten | Agenzia Cocal\" \/>\n<meta property=\"og:description\" content=\"Agenzia Cocal vermietet eine gro\u00dfe Auswahl an Ferienwohnungen und Ferienh\u00e4usern in Caorle: Entdecken Sie unsere Dienstleistungen.\" \/>\n<meta property=\"og:url\" content=\"https:\/\/www.agenziacocal.com\/de\/dienstleistungen-fuer-eigentuemer\/\" \/>\n<meta property=\"og:site_name\" content=\"Agenzia Cocal\" \/>\n<meta property=\"article:modified_time\" content=\"2024-05-21T07:17:43+00:00\" \/>\n<meta property=\"og:image\" content=\"https:\/\/www.agenziacocal.com\/wp-content\/uploads\/2024\/04\/SERVIZI_PER_I_PROPRIETARI-1.jpg\" \/>\n<meta name=\"twitter:card\" content=\"summary_large_image\" \/>\n<meta name=\"twitter:label1\" content=\"Gesch\u00e4tzte Lesezeit\" \/>\n\t<meta name=\"twitter:data1\" content=\"2 Minuten\" \/>\n<script type=\"application\/ld+json\" class=\"yoast-schema-graph\">{\"@context\":\"https:\/\/schema.org\",\"@graph\":[{\"@type\":\"WebPage\",\"@id\":\"https:\/\/www.agenziacocal.com\/de\/dienstleistungen-fuer-eigentuemer\/\",\"url\":\"https:\/\/www.agenziacocal.com\/de\/dienstleistungen-fuer-eigentuemer\/\",\"name\":\"Ferienwohnungen und Ferienh\u00e4user in Caorle vermieten | Agenzia Cocal\",\"isPartOf\":{\"@id\":\"https:\/\/www.agenziacocal.com\/#website\"},\"primaryImageOfPage\":{\"@id\":\"https:\/\/www.agenziacocal.com\/de\/dienstleistungen-fuer-eigentuemer\/#primaryimage\"},\"image\":{\"@id\":\"https:\/\/www.agenziacocal.com\/de\/dienstleistungen-fuer-eigentuemer\/#primaryimage\"},\"thumbnailUrl\":\"https:\/\/www.agenziacocal.com\/wp-content\/uploads\/2024\/04\/SERVIZI_PER_I_PROPRIETARI-1.jpg\",\"datePublished\":\"2024-04-09T06:11:33+00:00\",\"dateModified\":\"2024-05-21T07:17:43+00:00\",\"description\":\"Agenzia Cocal vermietet eine gro\u00dfe Auswahl an Ferienwohnungen und Ferienh\u00e4usern in Caorle: Entdecken Sie unsere Dienstleistungen.\",\"breadcrumb\":{\"@id\":\"https:\/\/www.agenziacocal.com\/de\/dienstleistungen-fuer-eigentuemer\/#breadcrumb\"},\"inLanguage\":\"de-DE\",\"potentialAction\":[{\"@type\":\"ReadAction\",\"target\":[\"https:\/\/www.agenziacocal.com\/de\/dienstleistungen-fuer-eigentuemer\/\"]}]},{\"@type\":\"ImageObject\",\"inLanguage\":\"de-DE\",\"@id\":\"https:\/\/www.agenziacocal.com\/de\/dienstleistungen-fuer-eigentuemer\/#primaryimage\",\"url\":\"https:\/\/www.agenziacocal.com\/wp-content\/uploads\/2024\/04\/SERVIZI_PER_I_PROPRIETARI-1.jpg\",\"contentUrl\":\"https:\/\/www.agenziacocal.com\/wp-content\/uploads\/2024\/04\/SERVIZI_PER_I_PROPRIETARI-1.jpg\"},{\"@type\":\"BreadcrumbList\",\"@id\":\"https:\/\/www.agenziacocal.com\/de\/dienstleistungen-fuer-eigentuemer\/#breadcrumb\",\"itemListElement\":[{\"@type\":\"ListItem\",\"position\":1,\"name\":\"Home\",\"item\":\"https:\/\/www.agenziacocal.com\/\"},{\"@type\":\"ListItem\",\"position\":2,\"name\":\"Dienstleistungen f\u00fcr Eigent\u00fcmer\"}]},{\"@type\":\"WebSite\",\"@id\":\"https:\/\/www.agenziacocal.com\/#website\",\"url\":\"https:\/\/www.agenziacocal.com\/\",\"name\":\"Agenzia Cocal\",\"description\":\"Scegli l\u2019appartamento su misura per te a Caorle\",\"potentialAction\":[{\"@type\":\"SearchAction\",\"target\":{\"@type\":\"EntryPoint\",\"urlTemplate\":\"https:\/\/www.agenziacocal.com\/?s={search_term_string}\"},\"query-input\":\"required name=search_term_string\"}],\"inLanguage\":\"de-DE\"}]}<\/script>\n<!-- \/ Yoast SEO plugin. -->","yoast_head_json":{"title":"Ferienwohnungen und Ferienh\u00e4user in Caorle vermieten | Agenzia Cocal","description":"Agenzia Cocal vermietet eine gro\u00dfe Auswahl an Ferienwohnungen und Ferienh\u00e4usern in Caorle: Entdecken Sie unsere Dienstleistungen.","robots":{"index":"index","follow":"follow","max-snippet":"max-snippet:-1","max-image-preview":"max-image-preview:large","max-video-preview":"max-video-preview:-1"},"canonical":"https:\/\/www.agenziacocal.com\/de\/dienstleistungen-fuer-eigentuemer\/","og_locale":"de_DE","og_type":"article","og_title":"Ferienwohnungen und Ferienh\u00e4user in Caorle vermieten | Agenzia Cocal","og_description":"Agenzia Cocal vermietet eine gro\u00dfe Auswahl an Ferienwohnungen und Ferienh\u00e4usern in Caorle: Entdecken Sie unsere Dienstleistungen.","og_url":"https:\/\/www.agenziacocal.com\/de\/dienstleistungen-fuer-eigentuemer\/","og_site_name":"Agenzia Cocal","article_modified_time":"2024-05-21T07:17:43+00:00","og_image":[{"url":"https:\/\/www.agenziacocal.com\/wp-content\/uploads\/2024\/04\/SERVIZI_PER_I_PROPRIETARI-1.jpg"}],"twitter_card":"summary_large_image","twitter_misc":{"Gesch\u00e4tzte Lesezeit":"2 Minuten"},"schema":{"@context":"https:\/\/schema.org","@graph":[{"@type":"WebPage","@id":"https:\/\/www.agenziacocal.com\/de\/dienstleistungen-fuer-eigentuemer\/","url":"https:\/\/www.agenziacocal.com\/de\/dienstleistungen-fuer-eigentuemer\/","name":"Ferienwohnungen und Ferienh\u00e4user in Caorle vermieten | Agenzia Cocal","isPartOf":{"@id":"https:\/\/www.agenziacocal.com\/#website"},"primaryImageOfPage":{"@id":"https:\/\/www.agenziacocal.com\/de\/dienstleistungen-fuer-eigentuemer\/#primaryimage"},"image":{"@id":"https:\/\/www.agenziacocal.com\/de\/dienstleistungen-fuer-eigentuemer\/#primaryimage"},"thumbnailUrl":"https:\/\/www.agenziacocal.com\/wp-content\/uploads\/2024\/04\/SERVIZI_PER_I_PROPRIETARI-1.jpg","datePublished":"2024-04-09T06:11:33+00:00","dateModified":"2024-05-21T07:17:43+00:00","description":"Agenzia Cocal vermietet eine gro\u00dfe Auswahl an Ferienwohnungen und Ferienh\u00e4usern in Caorle: Entdecken Sie unsere Dienstleistungen.","breadcrumb":{"@id":"https:\/\/www.agenziacocal.com\/de\/dienstleistungen-fuer-eigentuemer\/#breadcrumb"},"inLanguage":"de-DE","potentialAction":[{"@type":"ReadAction","target":["https:\/\/www.agenziacocal.com\/de\/dienstleistungen-fuer-eigentuemer\/"]}]},{"@type":"ImageObject","inLanguage":"de-DE","@id":"https:\/\/www.agenziacocal.com\/de\/dienstleistungen-fuer-eigentuemer\/#primaryimage","url":"https:\/\/www.agenziacocal.com\/wp-content\/uploads\/2024\/04\/SERVIZI_PER_I_PROPRIETARI-1.jpg","contentUrl":"https:\/\/www.agenziacocal.com\/wp-content\/uploads\/2024\/04\/SERVIZI_PER_I_PROPRIETARI-1.jpg"},{"@type":"BreadcrumbList","@id":"https:\/\/www.agenziacocal.com\/de\/dienstleistungen-fuer-eigentuemer\/#breadcrumb","itemListElement":[{"@type":"ListItem","position":1,"name":"Home","item":"https:\/\/www.agenziacocal.com\/"},{"@type":"ListItem","position":2,"name":"Dienstleistungen f\u00fcr Eigent\u00fcmer"}]},{"@type":"WebSite","@id":"https:\/\/www.agenziacocal.com\/#website","url":"https:\/\/www.agenziacocal.com\/","name":"Agenzia Cocal","description":"Scegli l\u2019appartamento su misura per te a Caorle","potentialAction":[{"@type":"SearchAction","target":{"@type":"EntryPoint","urlTemplate":"https:\/\/www.agenziacocal.com\/?s={search_term_string}"},"query-input":"required name=search_term_string"}],"inLanguage":"de-DE"}]}},"_links":{"self":[{"href":"https:\/\/www.agenziacocal.com\/de\/wp-json\/wp\/v2\/pages\/18644"}],"collection":[{"href":"https:\/\/www.agenziacocal.com\/de\/wp-json\/wp\/v2\/pages"}],"about":[{"href":"https:\/\/www.agenziacocal.com\/de\/wp-json\/wp\/v2\/types\/page"}],"author":[{"embeddable":true,"href":"https:\/\/www.agenziacocal.com\/de\/wp-json\/wp\/v2\/users\/1"}],"replies":[{"embeddable":true,"href":"https:\/\/www.agenziacocal.com\/de\/wp-json\/wp\/v2\/comments?post=18644"}],"version-history":[{"count":22,"href":"https:\/\/www.agenziacocal.com\/de\/wp-json\/wp\/v2\/pages\/18644\/revisions"}],"predecessor-version":[{"id":19820,"href":"https:\/\/www.agenziacocal.com\/de\/wp-json\/wp\/v2\/pages\/18644\/revisions\/19820"}],"wp:attachment":[{"href":"https:\/\/www.agenziacocal.com\/de\/wp-json\/wp\/v2\/media?parent=18644"}],"curies":[{"name":"wp","href":"https:\/\/api.w.org\/{rel}","templated":true}]}}